{"id":982,"date":"2025-01-16T08:53:16","date_gmt":"2025-01-16T08:53:16","guid":{"rendered":"https:\/\/hotel-djakovo.hr\/restaurant-becarski-kutak\/"},"modified":"2025-03-25T12:18:46","modified_gmt":"2025-03-25T12:18:46","slug":"restaurant-becarski-kutak","status":"publish","type":"page","link":"https:\/\/hotel-djakovo.hr\/en\/restaurant-becarski-kutak\/","title":{"rendered":"RESTAURANT BE\u0106ARSKI KUTAK"},"content":{"rendered":"<p>[et_pb_section fb_built=&#8221;1&#8243; make_equal=&#8221;on&#8221; specialty=&#8221;on&#8221; custom_padding_last_edited=&#8221;on|phone&#8221; bg_img_2=&#8221;https:\/\/hotel-djakovo.hr\/wp-content\/uploads\/2025\/02\/dsc-6653.jpg&#8221; background_position_2=&#8221;center&#8221; use_background_color_gradient_2=&#8221;off&#8221; background_color_gradient_stops_2=&#8221;#000000 0%|rgba(0,0,0,0) 65%&#8221; background_color_gradient_start_2=&#8221;#000000&#8243; background_color_gradient_end_2=&#8221;rgba(0,0,0,0)&#8221; background_color_gradient_start_position_2=&#8221;0%&#8221; background_color_gradient_end_position_2=&#8221;65%&#8221; background_color_gradient_overlays_image_2=&#8221;on&#8221; padding_top_2=&#8221;0px&#8221; padding_bottom_1=&#8221;20vw&#8221; admin_label=&#8221;Header&#8221; _builder_version=&#8221;4.27.4&#8243; use_background_color_gradient=&#8221;on&#8221; background_color_gradient_stops=&#8221;#ffffff 0%|rgba(255,255,255,0) 100%&#8221; background_color_gradient_overlays_image=&#8221;on&#8221; background_color_gradient_start=&#8221;#ffffff&#8221; background_color_gradient_start_position=&#8221;20%&#8221; background_color_gradient_end=&#8221;rgba(255,255,255,0)&#8221; background_image=&#8221;https:\/\/hotel-djakovo.hr\/wp-content\/uploads\/2025\/02\/Slike-sa-snimanja-Dakovo-27-scaled.jpg&#8221; inner_width=&#8221;100%&#8221; inner_max_width=&#8221;100%&#8221; custom_margin=&#8221;14vw||||false|false&#8221; custom_margin_tablet=&#8221;0vw||&#8221; custom_margin_phone=&#8221;&#8221; custom_margin_last_edited=&#8221;on|desktop&#8221; custom_padding=&#8221;0|0|0|10vw|false|false&#8221; custom_padding_tablet=&#8221;80px|10vw||10vw||true&#8221; custom_padding_phone=&#8221;|||||false&#8221; use_custom_width=&#8221;on&#8221; width_unit=&#8221;off&#8221; custom_width_percent=&#8221;100%&#8221; locked=&#8221;off&#8221; global_colors_info=&#8221;{}&#8221;][et_pb_column type=&#8221;2_3&#8243; specialty_columns=&#8221;2&#8243; _builder_version=&#8221;4.16&#8243; custom_padding=&#8221;|||&#8221; global_colors_info=&#8221;{}&#8221; parallax__hover=&#8221;off&#8221; parallax_method__hover=&#8221;on&#8221; custom_padding__hover=&#8221;|||&#8221;][et_pb_row_inner custom_padding_last_edited=&#8221;on|tablet&#8221; _builder_version=&#8221;4.27.4&#8243; custom_padding=&#8221;0|30px||30px|false|true&#8221; custom_padding_tablet=&#8221;|0px||0px||true&#8221; custom_padding_phone=&#8221;&#8221; global_colors_info=&#8221;{}&#8221;][et_pb_column_inner saved_specialty_column_type=&#8221;2_3&#8243; _builder_version=&#8221;4.27.4&#8243; custom_padding=&#8221;|||&#8221; global_colors_info=&#8221;{}&#8221; parallax__hover=&#8221;off&#8221; parallax_method__hover=&#8221;on&#8221; custom_padding__hover=&#8221;|||&#8221;][et_pb_text _builder_version=&#8221;4.27.4&#8243; text_font=&#8221;||||||||&#8221; text_line_height=&#8221;2em&#8221; header_font=&#8221;Gilda Display||||||||&#8221; header_text_color=&#8221;#000000&#8243; header_font_size=&#8221;6vw&#8221; header_line_height=&#8221;1.3em&#8221; header_2_font=&#8221;|700||on|||||&#8221; header_2_font_size=&#8221;16px&#8221; header_2_letter_spacing=&#8221;6px&#8221; header_2_line_height=&#8221;2em&#8221; header_3_font=&#8221;||||||||&#8221; text_orientation=&#8221;center&#8221; custom_margin=&#8221;-7.5vw||||false&#8221; custom_margin_tablet=&#8221;0vw||20px&#8221; custom_margin_phone=&#8221;&#8221; custom_margin_last_edited=&#8221;on|desktop&#8221; header_font_size_tablet=&#8221;10vw&#8221; header_font_size_phone=&#8221;10vw&#8221; header_font_size_last_edited=&#8221;on|phone&#8221; header_2_font_size_tablet=&#8221;&#8221; header_2_font_size_phone=&#8221;12px&#8221; header_2_font_size_last_edited=&#8221;on|phone&#8221; header_text_shadow_style=&#8221;preset3&#8243; header_text_shadow_vertical_length=&#8221;0.03em&#8221; header_text_shadow_color=&#8221;#ffffff&#8221; locked=&#8221;off&#8221; global_colors_info=&#8221;{}&#8221; header_3_font_size__hover=&#8221;22px&#8221; header_3_font_size__hover_enabled=&#8221;22px&#8221; header_3_letter_spacing__hover=&#8221;0px&#8221; header_3_letter_spacing__hover_enabled=&#8221;0px&#8221; header_3_line_height__hover=&#8221;1em&#8221; header_3_line_height__hover_enabled=&#8221;1em&#8221; header_3_text_shadow_style__hover=&#8221;none&#8221; header_3_text_shadow_style__hover_enabled=&#8221;none&#8221; header_3_text_shadow_color__hover=&#8221;rgba(0,0,0,0.4)&#8221; header_3_text_shadow_color__hover_enabled=&#8221;rgba(0,0,0,0.4)&#8221;]<\/p>\n<h2>Hotel \u0110akovo<\/h2>\n<h1>Restaurant Be\u0107arski kutak<\/h1>\n<p>[\/et_pb_text][et_pb_text _builder_version=&#8221;4.27.4&#8243; text_font=&#8221;||on||||||&#8221; text_text_color=&#8221;#000000&#8243; text_font_size=&#8221;20px&#8221; text_line_height=&#8221;2em&#8221; text_orientation=&#8221;center&#8221; max_width=&#8221;700px&#8221; module_alignment=&#8221;center&#8221; global_colors_info=&#8221;{}&#8221;]<\/p>\n<p style=\"text-align: center;\">&#8220;It&#8217;s not easy to be called a bejar that name must be justified&#8221;<\/p>\n<p>[\/et_pb_text][\/et_pb_column_inner][\/et_pb_row_inner][\/et_pb_column][et_pb_column type=&#8221;1_3&#8243; _builder_version=&#8221;4.16&#8243; custom_padding=&#8221;|||&#8221; global_colors_info=&#8221;{}&#8221; padding_top__hover=&#8221;0px&#8221; bg_img__hover=&#8221;http:\/\/ishtiaq.sandbox.etdevs.com\/divi\/wp-content\/uploads\/sites\/2\/2019\/01\/spa_hotel_02.jpg&#8221; parallax__hover=&#8221;off&#8221; parallax_method__hover=&#8221;on&#8221; custom_padding__hover=&#8221;|||&#8221;][et_pb_text _builder_version=&#8221;4.27.4&#8243; text_font=&#8221;|700||on|||||&#8221; text_text_color=&#8221;#ffffff&#8221; text_letter_spacing=&#8221;6px&#8221; text_line_height=&#8221;1.6em&#8221; background_color=&#8221;#b8b4a9&#8243; background_color_gradient_direction=&#8221;90deg&#8221; text_orientation=&#8221;center&#8221; custom_margin_tablet=&#8221;&#8221; custom_margin_phone=&#8221;&#8221; custom_margin_last_edited=&#8221;on|tablet&#8221; custom_padding=&#8221;80px|40px|80px|40px|true|true&#8221; custom_padding_tablet=&#8221;40px||40px||true&#8221; custom_padding_phone=&#8221;&#8221; custom_padding_last_edited=&#8221;on|tablet&#8221; link_option_url=&#8221;https:\/\/hotel-djakovo.hr\/kontakt\/&#8221; locked=&#8221;off&#8221; global_colors_info=&#8221;{}&#8221; background__hover_enabled=&#8221;off|desktop&#8221; background_color__hover=&#8221;#ffb238&#8243; text_text_color__hover=&#8221;#ffffff&#8221;]<\/p>\n<p>Book a seat<\/p>\n<p>[\/et_pb_text][\/et_pb_column][\/et_pb_section][et_pb_section fb_built=&#8221;1&#8243; admin_label=&#8221;Menu&#8221; _builder_version=&#8221;4.16&#8243; custom_padding=&#8221;0|0px|54px|0px|false|false&#8221; global_colors_info=&#8221;{}&#8221;][et_pb_row use_custom_gutter=&#8221;on&#8221; gutter_width=&#8221;2&#8243; custom_padding_last_edited=&#8221;on|tablet&#8221; padding_left_right_link_4=&#8221;false&#8221; _builder_version=&#8221;4.27.4&#8243; background_color=&#8221;#ffffff&#8221; custom_margin=&#8221;||&#8221; custom_margin_tablet=&#8221;|||&#8221; custom_margin_last_edited=&#8221;off|desktop&#8221; custom_padding=&#8221;80px|40px|80px|40px|true|true&#8221; custom_padding_tablet=&#8221;||&#8221; custom_padding_phone=&#8221;&#8221; box_shadow_style=&#8221;preset3&#8243; box_shadow_blur=&#8221;100px&#8221; box_shadow_spread=&#8221;-16px&#8221; box_shadow_color=&#8221;rgba(0,0,0,0.14)&#8221; locked=&#8221;off&#8221; global_colors_info=&#8221;{}&#8221;][et_pb_column type=&#8221;4_4&#8243; _builder_version=&#8221;4.16&#8243; custom_padding=&#8221;|||&#8221; global_colors_info=&#8221;{}&#8221; custom_padding__hover=&#8221;|||&#8221;][et_pb_text _builder_version=&#8221;4.27.4&#8243; text_font=&#8221;Open Sans||||||||&#8221; text_line_height=&#8221;2em&#8221; header_font=&#8221;||||||||&#8221; header_2_font=&#8221;Gilda Display||||||||&#8221; header_2_font_size=&#8221;60px&#8221; header_2_line_height=&#8221;1.2em&#8221; text_orientation=&#8221;center&#8221; header_2_font_size_tablet=&#8221;40px&#8221; header_2_font_size_phone=&#8221;30px&#8221; header_2_font_size_last_edited=&#8221;on|phone&#8221; locked=&#8221;off&#8221; global_colors_info=&#8221;{}&#8221;]<\/p>\n<h2>Restaurant Be\u0107arski kutak<\/h2>\n<p>[\/et_pb_text][et_pb_text _builder_version=&#8221;4.27.4&#8243; text_font=&#8221;Gilda Display||||||||&#8221; text_text_color=&#8221;#000000&#8243; text_font_size=&#8221;18px&#8221; text_line_height=&#8221;2em&#8221; header_font=&#8221;||||||||&#8221; header_2_font=&#8221;Gilda Display||||||||&#8221; header_2_font_size=&#8221;60px&#8221; header_2_line_height=&#8221;1.2em&#8221; text_orientation=&#8221;center&#8221; max_width=&#8221;800px&#8221; module_alignment=&#8221;center&#8221; header_2_font_size_tablet=&#8221;40px&#8221; header_2_font_size_phone=&#8221;30px&#8221; header_2_font_size_last_edited=&#8221;on|phone&#8221; text_orientation_tablet=&#8221;center&#8221; text_orientation_phone=&#8221;justified&#8221; text_orientation_last_edited=&#8221;on|phone&#8221; locked=&#8221;off&#8221; global_colors_info=&#8221;{}&#8221;]<\/p>\n<p><span style=\"font-weight: 400;\">The restaurant &#8220;Be\u0107arski kutak&#8221; has a capacity of up to 32 seats and is beautifully decorated in a traditional Slavonian style. All dishes are handcrafted by Mr. Daniel Astalo\u0161 from Baranja. The tablecloths, napkins, and curtains are created by women from \u0110akovo, who have inherited the art of slinging and crocheting from their grandmothers. The chairs, adorned with motifs of reklje, were made by Mario Ki\u0161 from Bogdanovci. All furniture is crafted from over 300 years old oak, and the stunning display case is the work of an unknown Hungarian carpenter from the early 20th century. The warm ambience, featuring Slavonian motifs, is enhanced by a fireplace that provides comfort on cold winter evenings. The entire restaurant is situated in the basement, making it perfect for romantic dinners as well as various celebrations, including first communions, confirmations, graduations, birthdays, and other private and business gatherings. We are expecting you, as befits Slavonians, with a wide smile and the task of intoxicating your senses with the aromas of local food, wine and brandy.<\/span><\/p>\n<p><span style=\"font-weight: 400;\">The restaurant must be booked in advance.<\/span><\/p>\n<p>[\/et_pb_text][et_pb_gallery gallery_ids=&#8221;530,531,532,533,534,535,536,537&#8243; posts_number=&#8221;8&#8243; orientation=&#8221;portrait&#8221; show_title_and_caption=&#8221;off&#8221; show_pagination=&#8221;off&#8221; _builder_version=&#8221;4.27.4&#8243; _module_preset=&#8221;default&#8221; custom_padding=&#8221;50px||||false|false&#8221; global_colors_info=&#8221;{}&#8221;][\/et_pb_gallery][\/et_pb_column][\/et_pb_row][\/et_pb_section][et_pb_section fb_built=&#8221;1&#8243; admin_label=&#8221;Restaurant&#8221; _builder_version=&#8221;4.27.4&#8243; use_background_color_gradient=&#8221;on&#8221; background_color_gradient_stops=&#8221;rgba(0,0,0,0) 0%|rgba(0,0,0,0.65) 80%&#8221; background_color_gradient_overlays_image=&#8221;on&#8221; background_color_gradient_start=&#8221;rgba(0,0,0,0)&#8221; background_color_gradient_end=&#8221;rgba(0,0,0,0.65)&#8221; background_color_gradient_end_position=&#8221;80%&#8221; background_image=&#8221;https:\/\/hotel-djakovo.hr\/wp-content\/uploads\/2025\/02\/dsc-6679.jpg&#8221; custom_padding=&#8221;8vw|0px|10vw|0px|false|false&#8221; locked=&#8221;off&#8221; global_colors_info=&#8221;{}&#8221; background_color_gradient_start__hover=&#8221;#2b87da&#8221; background_color_gradient_start__hover_enabled=&#8221;#2b87da&#8221; background_color_gradient_end__hover=&#8221;#29c4a9&#8243; background_color_gradient_end__hover_enabled=&#8221;#29c4a9&#8243; use_background_color_gradient__hover=&#8221;off&#8221; use_background_color_gradient__hover_enabled=&#8221;off&#8221; background_color_gradient_type__hover=&#8221;linear&#8221; background_color_gradient_type__hover_enabled=&#8221;linear&#8221; background_color_gradient_direction__hover=&#8221;180deg&#8221; background_color_gradient_direction__hover_enabled=&#8221;180deg&#8221; background_color_gradient_direction_radial__hover=&#8221;center&#8221; background_color_gradient_direction_radial__hover_enabled=&#8221;center&#8221; background_color_gradient_start_position__hover=&#8221;0%&#8221; background_color_gradient_start_position__hover_enabled=&#8221;0%&#8221; background_color_gradient_end_position__hover=&#8221;100%&#8221; background_color_gradient_end_position__hover_enabled=&#8221;100%&#8221; background_color_gradient_overlays_image__hover=&#8221;off&#8221; background_color_gradient_overlays_image__hover_enabled=&#8221;off&#8221; background_color_gradient_stops__hover=&#8221;#2b87da 0%|#29c4a9 100%&#8221;][et_pb_row _builder_version=&#8221;4.16&#8243; global_colors_info=&#8221;{}&#8221;][et_pb_column type=&#8221;4_4&#8243; _builder_version=&#8221;4.16&#8243; custom_padding=&#8221;|||&#8221; global_colors_info=&#8221;{}&#8221; custom_padding__hover=&#8221;|||&#8221;][et_pb_button button_url=&#8221;https:\/\/hotel-djakovo.hr\/kontakt\/&#8221; button_text=&#8221;Book a seat&#8221; button_alignment=&#8221;center&#8221; _builder_version=&#8221;4.27.4&#8243; custom_button=&#8221;on&#8221; button_text_size=&#8221;16px&#8221; button_text_color=&#8221;#FFFFFF&#8221; button_bg_color=&#8221;#b8b4a9&#8243; button_bg_color_gradient_direction=&#8221;190deg&#8221; button_bg_color_gradient_stops=&#8221;rgba(255,255,255,0) 0%|rgba(255,255,255,0.28) 100%&#8221; button_bg_color_gradient_start=&#8221;rgba(255,255,255,0)&#8221; button_bg_color_gradient_end=&#8221;rgba(255,255,255,0.28)&#8221; button_border_width=&#8221;0px&#8221; button_border_radius=&#8221;0px&#8221; button_font=&#8221;Open Sans|600|||||||&#8221; button_use_icon=&#8221;off&#8221; custom_margin=&#8221;|||||false&#8221; custom_padding=&#8221;18px|40px|18px|40px|true|true&#8221; box_shadow_style=&#8221;preset3&#8243; box_shadow_vertical=&#8221;20px&#8221; box_shadow_blur=&#8221;60px&#8221; box_shadow_spread=&#8221;-15px&#8221; box_shadow_color=&#8221;rgba(0,31,99,0.38)&#8221; locked=&#8221;off&#8221; global_colors_info=&#8221;{}&#8221; button_bg_color__hover=&#8221;#2692ff&#8221; button_text_color__hover=&#8221;#0f87ff&#8221;][\/et_pb_button][\/et_pb_column][\/et_pb_row][\/et_pb_section]<\/p>\n","protected":false},"excerpt":{"rendered":"<p>Hotel \u0110akovo Restaurant Be\u0107arski kutak&#8221;It&#8217;s not easy to be called a bejar that name must be justified&#8221;Book a seatRestaurant Be\u0107arski kutakThe restaurant &#8220;Be\u0107arski kutak&#8221; has a capacity of up to 32 seats and is beautifully decorated in a traditional Slavonian style. All dishes are handcrafted by Mr. Daniel Astalo\u0161 from Baranja. The tablecloths, napkins, and [&hellip;]<\/p>\n","protected":false},"author":1,"featured_media":0,"parent":0,"menu_order":0,"comment_status":"closed","ping_status":"closed","template":"","meta":{"_et_pb_use_builder":"on","_et_pb_old_content":"","_et_gb_content_width":"","footnotes":""},"class_list":["post-982","page","type-page","status-publish","hentry"],"_links":{"self":[{"href":"https:\/\/hotel-djakovo.hr\/en\/wp-json\/wp\/v2\/pages\/982","targetHints":{"allow":["GET"]}}],"collection":[{"href":"https:\/\/hotel-djakovo.hr\/en\/wp-json\/wp\/v2\/pages"}],"about":[{"href":"https:\/\/hotel-djakovo.hr\/en\/wp-json\/wp\/v2\/types\/page"}],"author":[{"embeddable":true,"href":"https:\/\/hotel-djakovo.hr\/en\/wp-json\/wp\/v2\/users\/1"}],"replies":[{"embeddable":true,"href":"https:\/\/hotel-djakovo.hr\/en\/wp-json\/wp\/v2\/comments?post=982"}],"version-history":[{"count":2,"href":"https:\/\/hotel-djakovo.hr\/en\/wp-json\/wp\/v2\/pages\/982\/revisions"}],"predecessor-version":[{"id":984,"href":"https:\/\/hotel-djakovo.hr\/en\/wp-json\/wp\/v2\/pages\/982\/revisions\/984"}],"wp:attachment":[{"href":"https:\/\/hotel-djakovo.hr\/en\/wp-json\/wp\/v2\/media?parent=982"}],"curies":[{"name":"wp","href":"https:\/\/api.w.org\/{rel}","templated":true}]}}